{"id":302,"date":"2025-12-10T00:01:16","date_gmt":"2025-12-10T05:01:16","guid":{"rendered":"https:\/\/colegionarcisomatus.edu.co\/?page_id=302"},"modified":"2025-12-10T00:16:30","modified_gmt":"2025-12-10T05:16:30","slug":"transparencia","status":"publish","type":"page","link":"https:\/\/colegionarcisomatus.edu.co\/?page_id=302","title":{"rendered":"Transparencia"},"content":{"rendered":"\t\t<div data-elementor-type=\"wp-page\" data-elementor-id=\"302\" class=\"elementor elementor-302\" data-elementor-post-type=\"page\">\n\t\t\t\t<div class=\"elementor-element elementor-element-e6ff45c e-flex e-con-boxed e-con e-parent\" data-id=\"e6ff45c\" data-element_type=\"container\" data-e-type=\"container\">\n\t\t\t\t\t<div class=\"e-con-inner\">\n\t\t\t\t<div class=\"elementor-element elementor-element-86ac890 elementor-widget elementor-widget-heading\" data-id=\"86ac890\" data-element_type=\"widget\" data-e-type=\"widget\" data-widget_type=\"heading.default\">\n\t\t\t\t\t<h2 class=\"elementor-heading-title elementor-size-default\">Transparencia<\/h2>\t\t\t\t<\/div>\n\t\t\t\t<div class=\"elementor-element elementor-element-d123dde elementor-widget elementor-widget-text-editor\" data-id=\"d123dde\" data-element_type=\"widget\" data-e-type=\"widget\" data-widget_type=\"text-editor.default\">\n\t\t\t\t\t\t\t\t\t<p data-path-to-node=\"5\">En cumplimiento de la <b>Ley 1712 de 2014<\/b>, la Instituci\u00f3n Educativa Narciso Jos\u00e9 Matus Torres pone a disposici\u00f3n de la ciudadan\u00eda, la comunidad educativa y los entes de control, la informaci\u00f3n relacionada con su gesti\u00f3n administrativa, financiera y acad\u00e9mica.\u00a0<span style=\"font-size: 1rem;\">Nuestro compromiso es garantizar el derecho fundamental de acceso a la informaci\u00f3n p\u00fablica bajo los principios de <\/span><b style=\"font-size: 1rem;\">m\u00e1xima publicidad, transparencia y buena fe<\/b><span style=\"font-size: 1rem;\">.<\/span><\/p><p data-path-to-node=\"7\">A continuaci\u00f3n, encontrar\u00e1 la documentaci\u00f3n institucional clasificada por categor\u00edas:<\/p>\t\t\t\t\t\t\t\t<\/div>\n\t\t<div class=\"elementor-element elementor-element-7f530a0 e-con-full e-flex e-con e-child\" data-id=\"7f530a0\" data-element_type=\"container\" data-e-type=\"container\">\n\t\t<div class=\"elementor-element elementor-element-7d971c6 e-con-full e-flex e-con e-child\" data-id=\"7d971c6\" data-element_type=\"container\" data-e-type=\"container\">\n\t\t\t\t<div class=\"elementor-element elementor-element-46da5a7 e-n-tabs-mobile elementor-widget elementor-widget-n-tabs\" data-id=\"46da5a7\" data-element_type=\"widget\" data-e-type=\"widget\" data-settings=\"{&quot;horizontal_scroll&quot;:&quot;disable&quot;}\" data-widget_type=\"nested-tabs.default\">\n\t\t\t\t\t\t\t<div class=\"e-n-tabs\" data-widget-number=\"74294695\" aria-label=\"Tabs. Open items with Enter or Space, close with Escape and navigate using the Arrow keys.\">\n\t\t\t<div class=\"e-n-tabs-heading\" role=\"tablist\">\n\t\t\t\t\t<button id=\"e-n-tab-title-742946951\" data-tab-title-id=\"e-n-tab-title-742946951\" class=\"e-n-tab-title\" aria-selected=\"true\" data-tab-index=\"1\" role=\"tab\" tabindex=\"0\" aria-controls=\"e-n-tab-content-742946951\" style=\"--n-tabs-title-order: 1;\">\n\t\t\t\t\t\t<span class=\"e-n-tab-title-text\">\n\t\t\t\tNormativa aplicable\t\t\t<\/span>\n\t\t<\/button>\n\t\t\t\t<button id=\"e-n-tab-title-742946952\" data-tab-title-id=\"e-n-tab-title-742946952\" class=\"e-n-tab-title\" aria-selected=\"false\" data-tab-index=\"2\" role=\"tab\" tabindex=\"-1\" aria-controls=\"e-n-tab-content-742946952\" style=\"--n-tabs-title-order: 2;\">\n\t\t\t\t\t\t<span class=\"e-n-tab-title-text\">\n\t\t\t\tGesti\u00f3n institucional\t\t\t<\/span>\n\t\t<\/button>\n\t\t\t\t<button id=\"e-n-tab-title-742946953\" data-tab-title-id=\"e-n-tab-title-742946953\" class=\"e-n-tab-title\" aria-selected=\"false\" data-tab-index=\"3\" role=\"tab\" tabindex=\"-1\" aria-controls=\"e-n-tab-content-742946953\" style=\"--n-tabs-title-order: 3;\">\n\t\t\t\t\t\t<span class=\"e-n-tab-title-text\">\n\t\t\t\tPresupuesto y finanzas\t\t\t<\/span>\n\t\t<\/button>\n\t\t\t\t<button id=\"e-n-tab-title-742946954\" data-tab-title-id=\"e-n-tab-title-742946954\" class=\"e-n-tab-title\" aria-selected=\"false\" data-tab-index=\"4\" role=\"tab\" tabindex=\"-1\" aria-controls=\"e-n-tab-content-742946954\" style=\"--n-tabs-title-order: 4;\">\n\t\t\t\t\t\t<span class=\"e-n-tab-title-text\">\n\t\t\t\tContrataci\u00f3n p\u00fablica\t\t\t<\/span>\n\t\t<\/button>\n\t\t\t\t<button id=\"e-n-tab-title-742946955\" data-tab-title-id=\"e-n-tab-title-742946955\" class=\"e-n-tab-title\" aria-selected=\"false\" data-tab-index=\"5\" role=\"tab\" tabindex=\"-1\" aria-controls=\"e-n-tab-content-742946955\" style=\"--n-tabs-title-order: 5;\">\n\t\t\t\t\t\t<span class=\"e-n-tab-title-text\">\n\t\t\t\tTr\u00e1mites y atenci\u00f3n a la comunidad\t\t\t<\/span>\n\t\t<\/button>\n\t\t\t\t<button id=\"e-n-tab-title-742946956\" data-tab-title-id=\"e-n-tab-title-742946956\" class=\"e-n-tab-title\" aria-selected=\"false\" data-tab-index=\"6\" role=\"tab\" tabindex=\"-1\" aria-controls=\"e-n-tab-content-742946956\" style=\"--n-tabs-title-order: 6;\">\n\t\t\t\t\t\t<span class=\"e-n-tab-title-text\">\n\t\t\t\tDatos abiertos y protecci\u00f3n a la privacidad\t\t\t<\/span>\n\t\t<\/button>\n\t\t\t\t\t<\/div>\n\t\t\t<div class=\"e-n-tabs-content\">\n\t\t\t\t<div id=\"e-n-tab-content-742946951\" role=\"tabpanel\" aria-labelledby=\"e-n-tab-title-742946951\" data-tab-index=\"1\" style=\"--n-tabs-title-order: 1;\" class=\"e-active elementor-element elementor-element-5fd5745 e-con-full e-flex e-con e-child\" data-id=\"5fd5745\" data-element_type=\"container\" data-e-type=\"container\">\n\t\t<div class=\"elementor-element elementor-element-18e3c64 e-flex e-con-boxed e-con e-child\" data-id=\"18e3c64\" data-element_type=\"container\" data-e-type=\"container\">\n\t\t\t\t\t<div class=\"e-con-inner\">\n\t\t\t\t<div class=\"elementor-element elementor-element-74a619e elementor-widget elementor-widget-text-editor\" data-id=\"74a619e\" data-element_type=\"widget\" data-e-type=\"widget\" data-widget_type=\"text-editor.default\">\n\t\t\t\t\t\t\t\t\t<p data-path-to-node=\"9\">Marco legal y reglamentario que rige nuestras actuaciones.<\/p><ul data-path-to-node=\"10\"><li><p data-path-to-node=\"10,0,0\"><b>Leyes y Decretos Nacionales:<\/b> (Ley 115 de 1994, Decreto 1075 de 2015, Ley 1620 de 2013).<\/p><\/li><li><p data-path-to-node=\"10,1,0\"><b>Ordenanzas y Resoluciones:<\/b><\/p><ul data-path-to-node=\"10,1,1\"><li><p data-path-to-node=\"10,1,1,0,0\">Ordenanza No. 004 de 1993 (Creaci\u00f3n de la Instituci\u00f3n).<\/p><\/li><li><p data-path-to-node=\"10,1,1,1,0\">Resoluci\u00f3n No. 1320 de 2011 y 557 de 2021 (Media T\u00e9cnica).<\/p><\/li><li><p data-path-to-node=\"10,1,1,2,0\">Resoluci\u00f3n No. 1645 de 2024 (Ampliaci\u00f3n Preescolar).<\/p><\/li><\/ul><\/li><li><p data-path-to-node=\"10,2,0\"><b>Circulares Internas:<\/b> Comunicados oficiales de Rector\u00eda y Secretar\u00eda de Educaci\u00f3n.<\/p><\/li><li><p data-path-to-node=\"10,3,0\"><b>Acuerdos del Consejo Directivo:<\/b> Actos administrativos vigentes.<\/p><\/li><\/ul>\t\t\t\t\t\t\t\t<\/div>\n\t\t\t\t\t<\/div>\n\t\t\t\t<\/div>\n\t\t\t\t<\/div>\n\t\t<div id=\"e-n-tab-content-742946952\" role=\"tabpanel\" aria-labelledby=\"e-n-tab-title-742946952\" data-tab-index=\"2\" style=\"--n-tabs-title-order: 2;\" class=\" elementor-element elementor-element-8d95c32 e-con-full e-flex e-con e-child\" data-id=\"8d95c32\" data-element_type=\"container\" data-e-type=\"container\">\n\t\t\t\t<div class=\"elementor-element elementor-element-836f8c7 elementor-widget elementor-widget-text-editor\" data-id=\"836f8c7\" data-element_type=\"widget\" data-e-type=\"widget\" data-widget_type=\"text-editor.default\">\n\t\t\t\t\t\t\t\t\t<p data-path-to-node=\"12\">Documentos que orientan el rumbo estrat\u00e9gico del colegio.<\/p><ul data-path-to-node=\"13\"><li><p data-path-to-node=\"13,0,0\"><b>Proyecto Educativo Institucional (PEI):<\/b> Documento macro de planificaci\u00f3n.<\/p><\/li><li><p data-path-to-node=\"13,1,0\"><b>Manual de Convivencia:<\/b> (Acuerdo No. 2025-010).\u00a0<\/p><\/li><li><p data-path-to-node=\"13,2,0\"><b>Sistema Institucional de Evaluaci\u00f3n de Estudiantes (SIEE).<\/b><\/p><\/li><li><p data-path-to-node=\"13,3,0\"><b>Plan de Acci\u00f3n Anual:<\/b> Cronograma de actividades y metas.<\/p><\/li><li><p data-path-to-node=\"13,4,0\"><b>Informes de Gesti\u00f3n:<\/b> Reportes de avances semestrales y anuales.<\/p><\/li><\/ul>\t\t\t\t\t\t\t\t<\/div>\n\t\t\t\t<\/div>\n\t\t<div id=\"e-n-tab-content-742946953\" role=\"tabpanel\" aria-labelledby=\"e-n-tab-title-742946953\" data-tab-index=\"3\" style=\"--n-tabs-title-order: 3;\" class=\" elementor-element elementor-element-1c70e19 e-con-full e-flex e-con e-child\" data-id=\"1c70e19\" data-element_type=\"container\" data-e-type=\"container\">\n\t\t\t\t<div class=\"elementor-element elementor-element-af05a3d elementor-widget elementor-widget-text-editor\" data-id=\"af05a3d\" data-element_type=\"widget\" data-e-type=\"widget\" data-widget_type=\"text-editor.default\">\n\t\t\t\t\t\t\t\t\t<p data-path-to-node=\"15\">Informaci\u00f3n sobre el manejo de los recursos p\u00fablicos (Fondos de Servicios Educativos).<\/p><ul data-path-to-node=\"16\"><li><p data-path-to-node=\"16,0,0\"><b>Presupuesto Aprobado:<\/b> Vigencia actual.<\/p><\/li><li><p data-path-to-node=\"16,1,0\"><b>Ejecuci\u00f3n Presupuestal:<\/b> Informes trimestrales de ingresos y gastos.<\/p><\/li><li><p data-path-to-node=\"16,2,0\"><b>Estados Financieros:<\/b> Balances generales y estados de actividad.<\/p><\/li><li><p data-path-to-node=\"16,3,0\"><b>Informe de Rendici\u00f3n de Cuentas:<\/b> Presentaci\u00f3n p\u00fablica a la comunidad (Video\/Documento).<\/p><\/li><\/ul>\t\t\t\t\t\t\t\t<\/div>\n\t\t\t\t<\/div>\n\t\t<div id=\"e-n-tab-content-742946954\" role=\"tabpanel\" aria-labelledby=\"e-n-tab-title-742946954\" data-tab-index=\"4\" style=\"--n-tabs-title-order: 4;\" class=\" elementor-element elementor-element-c91fb64 e-con-full e-flex e-con e-child\" data-id=\"c91fb64\" data-element_type=\"container\" data-e-type=\"container\">\n\t\t\t\t<div class=\"elementor-element elementor-element-05b6dca elementor-widget elementor-widget-text-editor\" data-id=\"05b6dca\" data-element_type=\"widget\" data-e-type=\"widget\" data-widget_type=\"text-editor.default\">\n\t\t\t\t\t\t\t\t\t<p data-path-to-node=\"21\">Canales para la interacci\u00f3n con la comunidad.<\/p><ul data-path-to-node=\"22\"><li><p data-path-to-node=\"22,0,0\"><b>Directorio Institucional:<\/b> Correos y tel\u00e9fonos de dependencias.<\/p><\/li><li><p data-path-to-node=\"22,1,0\"><b>Canal de PQRSD:<\/b> Formulario para Peticiones, Quejas, Reclamos, Sugerencias y Denuncias.<\/p><\/li><li><p data-path-to-node=\"22,2,0\"><b>Costos Educativos:<\/b> Resoluci\u00f3n de costos acad\u00e9micos y derechos de grado.<\/p><\/li><li><p data-path-to-node=\"22,3,0\"><b>Mecanismos de Participaci\u00f3n:<\/b> Informaci\u00f3n sobre elecci\u00f3n de Gobierno Escolar y Asociaci\u00f3n de Padres.<\/p><\/li><\/ul>\t\t\t\t\t\t\t\t<\/div>\n\t\t\t\t<\/div>\n\t\t<div id=\"e-n-tab-content-742946955\" role=\"tabpanel\" aria-labelledby=\"e-n-tab-title-742946955\" data-tab-index=\"5\" style=\"--n-tabs-title-order: 5;\" class=\" elementor-element elementor-element-736da14 e-con-full e-flex e-con e-child\" data-id=\"736da14\" data-element_type=\"container\" data-e-type=\"container\">\n\t\t\t\t<div class=\"elementor-element elementor-element-48ca218 elementor-widget elementor-widget-text-editor\" data-id=\"48ca218\" data-element_type=\"widget\" data-e-type=\"widget\" data-widget_type=\"text-editor.default\">\n\t\t\t\t\t\t\t\t\t<p data-path-to-node=\"21\">Canales para la interacci\u00f3n con la comunidad.<\/p><ul data-path-to-node=\"22\"><li><p data-path-to-node=\"22,0,0\"><b>Directorio Institucional:<\/b> Correos y tel\u00e9fonos de dependencias.<\/p><\/li><li><p data-path-to-node=\"22,1,0\"><b>Canal de PQRSD:<\/b> Formulario para Peticiones, Quejas, Reclamos, Sugerencias y Denuncias.<\/p><\/li><li><p data-path-to-node=\"22,2,0\"><b>Costos Educativos:<\/b> Resoluci\u00f3n de costos acad\u00e9micos y derechos de grado.<\/p><\/li><li><p data-path-to-node=\"22,3,0\"><b>Mecanismos de Participaci\u00f3n:<\/b> Informaci\u00f3n sobre elecci\u00f3n de Gobierno Escolar y Asociaci\u00f3n de Padres.<\/p><\/li><\/ul>\t\t\t\t\t\t\t\t<\/div>\n\t\t\t\t<\/div>\n\t\t<div id=\"e-n-tab-content-742946956\" role=\"tabpanel\" aria-labelledby=\"e-n-tab-title-742946956\" data-tab-index=\"6\" style=\"--n-tabs-title-order: 6;\" class=\" elementor-element elementor-element-af69dcd e-con-full e-flex e-con e-child\" data-id=\"af69dcd\" data-element_type=\"container\" data-e-type=\"container\">\n\t\t\t\t<div class=\"elementor-element elementor-element-0b211ec elementor-widget elementor-widget-text-editor\" data-id=\"0b211ec\" data-element_type=\"widget\" data-e-type=\"widget\" data-widget_type=\"text-editor.default\">\n\t\t\t\t\t\t\t\t\t<ul><li data-path-to-node=\"24,0,0\"><b>Pol\u00edtica de Tratamiento de Datos Personales:<\/b> (Habeas Data).<\/li><li><p data-path-to-node=\"24,1,0\"><b>Registro de Activos de Informaci\u00f3n:<\/b> Inventario de informaci\u00f3n p\u00fablica.<\/p><\/li><\/ul>\t\t\t\t\t\t\t\t<\/div>\n\t\t\t\t<\/div>\n\t\t\t\t\t<\/div>\n\t\t<\/div>\n\t\t\t\t\t\t<\/div>\n\t\t\t\t<\/div>\n\t\t\t\t<\/div>\n\t\t\t\t\t<\/div>\n\t\t\t\t<\/div>\n\t\t<div class=\"elementor-element elementor-element-439a145 e-flex e-con-boxed e-con e-parent\" data-id=\"439a145\" data-element_type=\"container\" data-e-type=\"container\">\n\t\t\t\t\t<div class=\"e-con-inner\">\n\t\t\t\t<div class=\"elementor-element elementor-element-bc4444a elementor-cta--skin-classic elementor-animated-content elementor-bg-transform elementor-bg-transform-zoom-in elementor-widget elementor-widget-call-to-action\" data-id=\"bc4444a\" data-element_type=\"widget\" data-e-type=\"widget\" data-widget_type=\"call-to-action.default\">\n\t\t\t\t\t\t\t<div class=\"elementor-cta\">\r\n\t\t\t\t\t\t\t<div class=\"elementor-cta__content\">\r\n\t\t\t\t\r\n\t\t\t\t\t\t\t\t\t<h2 class=\"elementor-cta__title elementor-cta__content-item elementor-content-item\">\r\n\t\t\t\t\t\tContrato No. 2 | Pruebas de software 2025 Resoluci\u00f3n No. 021345\t\t\t\t\t<\/h2>\r\n\t\t\t\t\r\n\t\t\t\t\r\n\t\t\t\t\t\t\t\t\t<div class=\"elementor-cta__button-wrapper elementor-cta__content-item elementor-content-item \">\r\n\t\t\t\t\t<a class=\"elementor-cta__button elementor-button elementor-size-\">\r\n\t\t\t\t\t\tVer archivo\t\t\t\t\t<\/a>\r\n\t\t\t\t\t<\/div>\r\n\t\t\t\t\t\t\t<\/div>\r\n\t\t\t\t\t\t<\/div>\r\n\t\t\t\t\t\t<\/div>\n\t\t\t\t<div class=\"elementor-element elementor-element-fb27b13 elementor-cta--skin-classic elementor-animated-content elementor-bg-transform elementor-bg-transform-zoom-in elementor-widget elementor-widget-call-to-action\" data-id=\"fb27b13\" data-element_type=\"widget\" data-e-type=\"widget\" data-widget_type=\"call-to-action.default\">\n\t\t\t\t\t\t\t<div class=\"elementor-cta\">\r\n\t\t\t\t\t\t\t<div class=\"elementor-cta__content\">\r\n\t\t\t\t\r\n\t\t\t\t\t\t\t\t\t<h2 class=\"elementor-cta__title elementor-cta__content-item elementor-content-item\">\r\n\t\t\t\t\t\tContrato No. 2 | Pruebas de software 2025 Resoluci\u00f3n No. 021345\t\t\t\t\t<\/h2>\r\n\t\t\t\t\r\n\t\t\t\t\r\n\t\t\t\t\t\t\t\t\t<div class=\"elementor-cta__button-wrapper elementor-cta__content-item elementor-content-item \">\r\n\t\t\t\t\t<a class=\"elementor-cta__button elementor-button elementor-size-\">\r\n\t\t\t\t\t\tVer archivo\t\t\t\t\t<\/a>\r\n\t\t\t\t\t<\/div>\r\n\t\t\t\t\t\t\t<\/div>\r\n\t\t\t\t\t\t<\/div>\r\n\t\t\t\t\t\t<\/div>\n\t\t\t\t<div class=\"elementor-element elementor-element-6ef4e0c elementor-cta--skin-classic elementor-animated-content elementor-bg-transform elementor-bg-transform-zoom-in elementor-widget elementor-widget-call-to-action\" data-id=\"6ef4e0c\" data-element_type=\"widget\" data-e-type=\"widget\" data-widget_type=\"call-to-action.default\">\n\t\t\t\t\t\t\t<div class=\"elementor-cta\">\r\n\t\t\t\t\t\t\t<div class=\"elementor-cta__content\">\r\n\t\t\t\t\r\n\t\t\t\t\t\t\t\t\t<h2 class=\"elementor-cta__title elementor-cta__content-item elementor-content-item\">\r\n\t\t\t\t\t\tContrato No. 2 | Pruebas de software 2025 Resoluci\u00f3n No. 021345\t\t\t\t\t<\/h2>\r\n\t\t\t\t\r\n\t\t\t\t\r\n\t\t\t\t\t\t\t\t\t<div class=\"elementor-cta__button-wrapper elementor-cta__content-item elementor-content-item \">\r\n\t\t\t\t\t<a class=\"elementor-cta__button elementor-button elementor-size-\">\r\n\t\t\t\t\t\tVer archivo\t\t\t\t\t<\/a>\r\n\t\t\t\t\t<\/div>\r\n\t\t\t\t\t\t\t<\/div>\r\n\t\t\t\t\t\t<\/div>\r\n\t\t\t\t\t\t<\/div>\n\t\t\t\t<div class=\"elementor-element elementor-element-4a3a088 elementor-cta--skin-classic elementor-animated-content elementor-bg-transform elementor-bg-transform-zoom-in elementor-widget elementor-widget-call-to-action\" data-id=\"4a3a088\" data-element_type=\"widget\" data-e-type=\"widget\" data-widget_type=\"call-to-action.default\">\n\t\t\t\t\t\t\t<div class=\"elementor-cta\">\r\n\t\t\t\t\t\t\t<div class=\"elementor-cta__content\">\r\n\t\t\t\t\r\n\t\t\t\t\t\t\t\t\t<h2 class=\"elementor-cta__title elementor-cta__content-item elementor-content-item\">\r\n\t\t\t\t\t\tContrato No. 2 | Pruebas de software 2025 Resoluci\u00f3n No. 021345\t\t\t\t\t<\/h2>\r\n\t\t\t\t\r\n\t\t\t\t\r\n\t\t\t\t\t\t\t\t\t<div class=\"elementor-cta__button-wrapper elementor-cta__content-item elementor-content-item \">\r\n\t\t\t\t\t<a class=\"elementor-cta__button elementor-button elementor-size-\">\r\n\t\t\t\t\t\tVer archivo\t\t\t\t\t<\/a>\r\n\t\t\t\t\t<\/div>\r\n\t\t\t\t\t\t\t<\/div>\r\n\t\t\t\t\t\t<\/div>\r\n\t\t\t\t\t\t<\/div>\n\t\t\t\t\t<\/div>\n\t\t\t\t<\/div>\n\t\t\t\t<\/div>\n\t\t","protected":false},"excerpt":{"rendered":"<p>Transparencia En cumplimiento de la Ley 1712 de 2014, la Instituci\u00f3n Educativa Narciso Jos\u00e9 Matus Torres pone a disposici\u00f3n de la ciudadan\u00eda, la comunidad educativa y los entes de control, la informaci\u00f3n relacionada con su gesti\u00f3n administrativa, financiera y acad\u00e9mica.\u00a0Nuestro compromiso es garantizar el derecho fundamental de acceso a la informaci\u00f3n p\u00fablica bajo los principios [&hellip;]<\/p>\n","protected":false},"author":1,"featured_media":0,"parent":0,"menu_order":0,"comment_status":"closed","ping_status":"closed","template":"","meta":{"footnotes":""},"class_list":["post-302","page","type-page","status-publish","hentry"],"yoast_head":"<!-- This site is optimized with the Yoast SEO plugin v27.4 - https:\/\/yoast.com\/product\/yoast-seo-wordpress\/ -->\n<title>Transparencia - I.E Narciso Jos\u00e9 Matus Torres<\/title>\n<meta name=\"robots\" content=\"index, follow, max-snippet:-1, max-image-preview:large, max-video-preview:-1\" \/>\n<link rel=\"canonical\" href=\"https:\/\/colegionarcisomatus.edu.co\/?page_id=302\" \/>\n<meta property=\"og:locale\" content=\"en_US\" \/>\n<meta property=\"og:type\" content=\"article\" \/>\n<meta property=\"og:title\" content=\"Transparencia - I.E Narciso Jos\u00e9 Matus Torres\" \/>\n<meta property=\"og:description\" content=\"Transparencia En cumplimiento de la Ley 1712 de 2014, la Instituci\u00f3n Educativa Narciso Jos\u00e9 Matus Torres pone a disposici\u00f3n de la ciudadan\u00eda, la comunidad educativa y los entes de control, la informaci\u00f3n relacionada con su gesti\u00f3n administrativa, financiera y acad\u00e9mica.\u00a0Nuestro compromiso es garantizar el derecho fundamental de acceso a la informaci\u00f3n p\u00fablica bajo los principios [&hellip;]\" \/>\n<meta property=\"og:url\" content=\"https:\/\/colegionarcisomatus.edu.co\/?page_id=302\" \/>\n<meta property=\"og:site_name\" content=\"I.E Narciso Jos\u00e9 Matus Torres\" \/>\n<meta property=\"article:modified_time\" content=\"2025-12-10T05:16:30+00:00\" \/>\n<meta name=\"twitter:card\" content=\"summary_large_image\" \/>\n<meta name=\"twitter:label1\" content=\"Est. reading time\" \/>\n\t<meta name=\"twitter:data1\" content=\"4 minutes\" \/>\n<script type=\"application\/ld+json\" class=\"yoast-schema-graph\">{\"@context\":\"https:\\\/\\\/schema.org\",\"@graph\":[{\"@type\":\"WebPage\",\"@id\":\"https:\\\/\\\/colegionarcisomatus.edu.co\\\/?page_id=302\",\"url\":\"https:\\\/\\\/colegionarcisomatus.edu.co\\\/?page_id=302\",\"name\":\"Transparencia - I.E Narciso Jos\u00e9 Matus Torres\",\"isPartOf\":{\"@id\":\"https:\\\/\\\/colegionarcisomatus.edu.co\\\/#website\"},\"datePublished\":\"2025-12-10T05:01:16+00:00\",\"dateModified\":\"2025-12-10T05:16:30+00:00\",\"breadcrumb\":{\"@id\":\"https:\\\/\\\/colegionarcisomatus.edu.co\\\/?page_id=302#breadcrumb\"},\"inLanguage\":\"en-US\",\"potentialAction\":[{\"@type\":\"ReadAction\",\"target\":[\"https:\\\/\\\/colegionarcisomatus.edu.co\\\/?page_id=302\"]}]},{\"@type\":\"BreadcrumbList\",\"@id\":\"https:\\\/\\\/colegionarcisomatus.edu.co\\\/?page_id=302#breadcrumb\",\"itemListElement\":[{\"@type\":\"ListItem\",\"position\":1,\"name\":\"Inicio\",\"item\":\"https:\\\/\\\/colegionarcisomatus.edu.co\\\/\"},{\"@type\":\"ListItem\",\"position\":2,\"name\":\"Transparencia\"}]},{\"@type\":\"WebSite\",\"@id\":\"https:\\\/\\\/colegionarcisomatus.edu.co\\\/#website\",\"url\":\"https:\\\/\\\/colegionarcisomatus.edu.co\\\/\",\"name\":\"I.E Narciso Jos\u00e9 Matus Torres\",\"description\":\"Logo Matus\",\"publisher\":{\"@id\":\"https:\\\/\\\/colegionarcisomatus.edu.co\\\/#organization\"},\"potentialAction\":[{\"@type\":\"SearchAction\",\"target\":{\"@type\":\"EntryPoint\",\"urlTemplate\":\"https:\\\/\\\/colegionarcisomatus.edu.co\\\/?s={search_term_string}\"},\"query-input\":{\"@type\":\"PropertyValueSpecification\",\"valueRequired\":true,\"valueName\":\"search_term_string\"}}],\"inLanguage\":\"en-US\"},{\"@type\":\"Organization\",\"@id\":\"https:\\\/\\\/colegionarcisomatus.edu.co\\\/#organization\",\"name\":\"I.E Narciso Jos\u00e9 Matus Torres\",\"url\":\"https:\\\/\\\/colegionarcisomatus.edu.co\\\/\",\"logo\":{\"@type\":\"ImageObject\",\"inLanguage\":\"en-US\",\"@id\":\"https:\\\/\\\/colegionarcisomatus.edu.co\\\/#\\\/schema\\\/logo\\\/image\\\/\",\"url\":\"https:\\\/\\\/colegionarcisomatus.edu.co\\\/wp-content\\\/uploads\\\/2025\\\/11\\\/Logo-2.png\",\"contentUrl\":\"https:\\\/\\\/colegionarcisomatus.edu.co\\\/wp-content\\\/uploads\\\/2025\\\/11\\\/Logo-2.png\",\"width\":500,\"height\":200,\"caption\":\"I.E Narciso Jos\u00e9 Matus Torres\"},\"image\":{\"@id\":\"https:\\\/\\\/colegionarcisomatus.edu.co\\\/#\\\/schema\\\/logo\\\/image\\\/\"}}]}<\/script>\n<!-- \/ Yoast SEO plugin. -->","yoast_head_json":{"title":"Transparencia - I.E Narciso Jos\u00e9 Matus Torres","robots":{"index":"index","follow":"follow","max-snippet":"max-snippet:-1","max-image-preview":"max-image-preview:large","max-video-preview":"max-video-preview:-1"},"canonical":"https:\/\/colegionarcisomatus.edu.co\/?page_id=302","og_locale":"en_US","og_type":"article","og_title":"Transparencia - I.E Narciso Jos\u00e9 Matus Torres","og_description":"Transparencia En cumplimiento de la Ley 1712 de 2014, la Instituci\u00f3n Educativa Narciso Jos\u00e9 Matus Torres pone a disposici\u00f3n de la ciudadan\u00eda, la comunidad educativa y los entes de control, la informaci\u00f3n relacionada con su gesti\u00f3n administrativa, financiera y acad\u00e9mica.\u00a0Nuestro compromiso es garantizar el derecho fundamental de acceso a la informaci\u00f3n p\u00fablica bajo los principios [&hellip;]","og_url":"https:\/\/colegionarcisomatus.edu.co\/?page_id=302","og_site_name":"I.E Narciso Jos\u00e9 Matus Torres","article_modified_time":"2025-12-10T05:16:30+00:00","twitter_card":"summary_large_image","twitter_misc":{"Est. reading time":"4 minutes"},"schema":{"@context":"https:\/\/schema.org","@graph":[{"@type":"WebPage","@id":"https:\/\/colegionarcisomatus.edu.co\/?page_id=302","url":"https:\/\/colegionarcisomatus.edu.co\/?page_id=302","name":"Transparencia - I.E Narciso Jos\u00e9 Matus Torres","isPartOf":{"@id":"https:\/\/colegionarcisomatus.edu.co\/#website"},"datePublished":"2025-12-10T05:01:16+00:00","dateModified":"2025-12-10T05:16:30+00:00","breadcrumb":{"@id":"https:\/\/colegionarcisomatus.edu.co\/?page_id=302#breadcrumb"},"inLanguage":"en-US","potentialAction":[{"@type":"ReadAction","target":["https:\/\/colegionarcisomatus.edu.co\/?page_id=302"]}]},{"@type":"BreadcrumbList","@id":"https:\/\/colegionarcisomatus.edu.co\/?page_id=302#breadcrumb","itemListElement":[{"@type":"ListItem","position":1,"name":"Inicio","item":"https:\/\/colegionarcisomatus.edu.co\/"},{"@type":"ListItem","position":2,"name":"Transparencia"}]},{"@type":"WebSite","@id":"https:\/\/colegionarcisomatus.edu.co\/#website","url":"https:\/\/colegionarcisomatus.edu.co\/","name":"I.E Narciso Jos\u00e9 Matus Torres","description":"Logo Matus","publisher":{"@id":"https:\/\/colegionarcisomatus.edu.co\/#organization"},"potentialAction":[{"@type":"SearchAction","target":{"@type":"EntryPoint","urlTemplate":"https:\/\/colegionarcisomatus.edu.co\/?s={search_term_string}"},"query-input":{"@type":"PropertyValueSpecification","valueRequired":true,"valueName":"search_term_string"}}],"inLanguage":"en-US"},{"@type":"Organization","@id":"https:\/\/colegionarcisomatus.edu.co\/#organization","name":"I.E Narciso Jos\u00e9 Matus Torres","url":"https:\/\/colegionarcisomatus.edu.co\/","logo":{"@type":"ImageObject","inLanguage":"en-US","@id":"https:\/\/colegionarcisomatus.edu.co\/#\/schema\/logo\/image\/","url":"https:\/\/colegionarcisomatus.edu.co\/wp-content\/uploads\/2025\/11\/Logo-2.png","contentUrl":"https:\/\/colegionarcisomatus.edu.co\/wp-content\/uploads\/2025\/11\/Logo-2.png","width":500,"height":200,"caption":"I.E Narciso Jos\u00e9 Matus Torres"},"image":{"@id":"https:\/\/colegionarcisomatus.edu.co\/#\/schema\/logo\/image\/"}}]}},"_hostinger_reach_plugin_has_subscription_block":false,"_hostinger_reach_plugin_is_elementor":false,"_links":{"self":[{"href":"https:\/\/colegionarcisomatus.edu.co\/index.php?rest_route=\/wp\/v2\/pages\/302","targetHints":{"allow":["GET"]}}],"collection":[{"href":"https:\/\/colegionarcisomatus.edu.co\/index.php?rest_route=\/wp\/v2\/pages"}],"about":[{"href":"https:\/\/colegionarcisomatus.edu.co\/index.php?rest_route=\/wp\/v2\/types\/page"}],"author":[{"embeddable":true,"href":"https:\/\/colegionarcisomatus.edu.co\/index.php?rest_route=\/wp\/v2\/users\/1"}],"replies":[{"embeddable":true,"href":"https:\/\/colegionarcisomatus.edu.co\/index.php?rest_route=%2Fwp%2Fv2%2Fcomments&post=302"}],"version-history":[{"count":7,"href":"https:\/\/colegionarcisomatus.edu.co\/index.php?rest_route=\/wp\/v2\/pages\/302\/revisions"}],"predecessor-version":[{"id":310,"href":"https:\/\/colegionarcisomatus.edu.co\/index.php?rest_route=\/wp\/v2\/pages\/302\/revisions\/310"}],"wp:attachment":[{"href":"https:\/\/colegionarcisomatus.edu.co\/index.php?rest_route=%2Fwp%2Fv2%2Fmedia&parent=302"}],"curies":[{"name":"wp","href":"https:\/\/api.w.org\/{rel}","templated":true}]}}