{"id":28,"date":"2025-11-02T16:58:08","date_gmt":"2025-11-02T21:58:08","guid":{"rendered":"https:\/\/colegionarcisomatus.edu.co\/?page_id=28"},"modified":"2025-12-10T00:35:53","modified_gmt":"2025-12-10T05:35:53","slug":"contacto","status":"publish","type":"page","link":"https:\/\/colegionarcisomatus.edu.co\/?page_id=28","title":{"rendered":"Contacto"},"content":{"rendered":"\t\t<div data-elementor-type=\"wp-page\" data-elementor-id=\"28\" class=\"elementor elementor-28\" data-elementor-post-type=\"page\">\n\t\t\t\t<div class=\"elementor-element elementor-element-6ff1dfa e-flex e-con-boxed e-con e-parent\" data-id=\"6ff1dfa\" data-element_type=\"container\" data-e-type=\"container\">\n\t\t\t\t\t<div class=\"e-con-inner\">\n\t\t\t\t<div class=\"elementor-element elementor-element-d9ea21e elementor-widget elementor-widget-google_maps\" data-id=\"d9ea21e\" data-element_type=\"widget\" data-e-type=\"widget\" data-widget_type=\"google_maps.default\">\n\t\t\t\t\t\t\t<div class=\"elementor-custom-embed\">\n\t\t\t<iframe loading=\"lazy\"\n\t\t\t\t\tsrc=\"https:\/\/maps.google.com\/maps?q=Colegio%20narciso%20matus&#038;t=m&#038;z=18&#038;output=embed&#038;iwloc=near\"\n\t\t\t\t\ttitle=\"Colegio narciso matus\"\n\t\t\t\t\taria-label=\"Colegio narciso matus\"\n\t\t\t><\/iframe>\n\t\t<\/div>\n\t\t\t\t\t\t<\/div>\n\t\t\t\t\t<\/div>\n\t\t\t\t<\/div>\n\t\t<div class=\"elementor-element elementor-element-fc2749c e-flex e-con-boxed e-con e-parent\" data-id=\"fc2749c\" data-element_type=\"container\" data-e-type=\"container\">\n\t\t\t\t\t<div class=\"e-con-inner\">\n\t\t\t\t<div class=\"elementor-element elementor-element-ba86403 elementor-widget elementor-widget-heading\" data-id=\"ba86403\" data-element_type=\"widget\" data-e-type=\"widget\" data-widget_type=\"heading.default\">\n\t\t\t\t\t<h2 class=\"elementor-heading-title elementor-size-default\">Contacto<\/h2>\t\t\t\t<\/div>\n\t\t\t\t<div class=\"elementor-element elementor-element-2566962 elementor-icon-list--layout-inline elementor-align-center elementor-list-item-link-full_width elementor-widget elementor-widget-icon-list\" data-id=\"2566962\" data-element_type=\"widget\" data-e-type=\"widget\" data-widget_type=\"icon-list.default\">\n\t\t\t\t\t\t\t<ul class=\"elementor-icon-list-items elementor-inline-items\">\n\t\t\t\t\t\t\t<li class=\"elementor-icon-list-item elementor-inline-item\">\n\t\t\t\t\t\t\t\t\t\t\t<span class=\"elementor-icon-list-icon\">\n\t\t\t\t\t\t\t<svg aria-hidden=\"true\" class=\"e-font-icon-svg e-fas-location-arrow\" viewBox=\"0 0 512 512\" xmlns=\"http:\/\/www.w3.org\/2000\/svg\"><path d=\"M444.52 3.52L28.74 195.42c-47.97 22.39-31.98 92.75 19.19 92.75h175.91v175.91c0 51.17 70.36 67.17 92.75 19.19l191.9-415.78c15.99-38.39-25.59-79.97-63.97-63.97z\"><\/path><\/svg>\t\t\t\t\t\t<\/span>\n\t\t\t\t\t\t\t\t\t\t<span class=\"elementor-icon-list-text\">Direcci\u00f3n: Barrio El Manantial<\/span>\n\t\t\t\t\t\t\t\t\t<\/li>\n\t\t\t\t\t\t\t\t<li class=\"elementor-icon-list-item elementor-inline-item\">\n\t\t\t\t\t\t\t\t\t\t\t<span class=\"elementor-icon-list-icon\">\n\t\t\t\t\t\t\t<svg aria-hidden=\"true\" class=\"e-font-icon-svg e-fas-business-time\" viewBox=\"0 0 640 512\" xmlns=\"http:\/\/www.w3.org\/2000\/svg\"><path d=\"M496 224c-79.59 0-144 64.41-144 144s64.41 144 144 144 144-64.41 144-144-64.41-144-144-144zm64 150.29c0 5.34-4.37 9.71-9.71 9.71h-60.57c-5.34 0-9.71-4.37-9.71-9.71v-76.57c0-5.34 4.37-9.71 9.71-9.71h12.57c5.34 0 9.71 4.37 9.71 9.71V352h38.29c5.34 0 9.71 4.37 9.71 9.71v12.58zM496 192c5.4 0 10.72.33 16 .81V144c0-25.6-22.4-48-48-48h-80V48c0-25.6-22.4-48-48-48H176c-25.6 0-48 22.4-48 48v48H48c-25.6 0-48 22.4-48 48v80h395.12c28.6-20.09 63.35-32 100.88-32zM320 96H192V64h128v32zm6.82 224H208c-8.84 0-16-7.16-16-16v-48H0v144c0 25.6 22.4 48 48 48h291.43C327.1 423.96 320 396.82 320 368c0-16.66 2.48-32.72 6.82-48z\"><\/path><\/svg>\t\t\t\t\t\t<\/span>\n\t\t\t\t\t\t\t\t\t\t<span class=\"elementor-icon-list-text\">Horario de atenci\u00f3n: Lun - Vier 7:45 am a 12:00 m | 1:00 pm a 4:45 pm<\/span>\n\t\t\t\t\t\t\t\t\t<\/li>\n\t\t\t\t\t\t\t\t<li class=\"elementor-icon-list-item elementor-inline-item\">\n\t\t\t\t\t\t\t\t\t\t\t<span class=\"elementor-icon-list-icon\">\n\t\t\t\t\t\t\t<svg aria-hidden=\"true\" class=\"e-font-icon-svg e-fas-phone-alt\" viewBox=\"0 0 512 512\" xmlns=\"http:\/\/www.w3.org\/2000\/svg\"><path d=\"M497.39 361.8l-112-48a24 24 0 0 0-28 6.9l-49.6 60.6A370.66 370.66 0 0 1 130.6 204.11l60.6-49.6a23.94 23.94 0 0 0 6.9-28l-48-112A24.16 24.16 0 0 0 122.6.61l-104 24A24 24 0 0 0 0 48c0 256.5 207.9 464 464 464a24 24 0 0 0 23.4-18.6l24-104a24.29 24.29 0 0 0-14.01-27.6z\"><\/path><\/svg>\t\t\t\t\t\t<\/span>\n\t\t\t\t\t\t\t\t\t\t<span class=\"elementor-icon-list-text\">N\u00famero de celular: 312 345 67 89<\/span>\n\t\t\t\t\t\t\t\t\t<\/li>\n\t\t\t\t\t\t\t\t<li class=\"elementor-icon-list-item elementor-inline-item\">\n\t\t\t\t\t\t\t\t\t\t\t<span class=\"elementor-icon-list-icon\">\n\t\t\t\t\t\t\t<svg aria-hidden=\"true\" class=\"e-font-icon-svg e-far-envelope\" viewBox=\"0 0 512 512\" xmlns=\"http:\/\/www.w3.org\/2000\/svg\"><path d=\"M464 64H48C21.49 64 0 85.49 0 112v288c0 26.51 21.49 48 48 48h416c26.51 0 48-21.49 48-48V112c0-26.51-21.49-48-48-48zm0 48v40.805c-22.422 18.259-58.168 46.651-134.587 106.49-16.841 13.247-50.201 45.072-73.413 44.701-23.208.375-56.579-31.459-73.413-44.701C106.18 199.465 70.425 171.067 48 152.805V112h416zM48 400V214.398c22.914 18.251 55.409 43.862 104.938 82.646 21.857 17.205 60.134 55.186 103.062 54.955 42.717.231 80.509-37.199 103.053-54.947 49.528-38.783 82.032-64.401 104.947-82.653V400H48z\"><\/path><\/svg>\t\t\t\t\t\t<\/span>\n\t\t\t\t\t\t\t\t\t\t<span class=\"elementor-icon-list-text\">Correo de atenci\u00f3n: correspondencia@colegionarcisomatus.edu.co<\/span>\n\t\t\t\t\t\t\t\t\t<\/li>\n\t\t\t\t\t\t<\/ul>\n\t\t\t\t\t\t<\/div>\n\t\t\t\t<div class=\"elementor-element elementor-element-935bd4a elementor-button-align-stretch elementor-widget elementor-widget-form\" data-id=\"935bd4a\" data-element_type=\"widget\" data-e-type=\"widget\" data-settings=\"{&quot;step_next_label&quot;:&quot;Next&quot;,&quot;step_previous_label&quot;:&quot;Previous&quot;,&quot;button_width&quot;:&quot;100&quot;,&quot;step_type&quot;:&quot;number_text&quot;,&quot;step_icon_shape&quot;:&quot;circle&quot;}\" data-widget_type=\"form.default\">\n\t\t\t\t\t\t\t<form class=\"elementor-form\" method=\"post\" name=\"New Form\" aria-label=\"New Form\">\r\n\t\t\t<input type=\"hidden\" name=\"post_id\" value=\"28\"\/>\r\n\t\t\t<input type=\"hidden\" name=\"form_id\" value=\"935bd4a\"\/>\r\n\t\t\t<input type=\"hidden\" name=\"referer_title\" value=\"I.E Narciso Jos\u00e9 Matus Torres\" \/>\r\n\r\n\t\t\t\r\n\t\t\t<div class=\"elementor-form-fields-wrapper elementor-labels-above\">\r\n\t\t\t\t\t\t\t\t<div class=\"elementor-field-type-text elementor-field-group elementor-column elementor-field-group-name elementor-col-100\">\r\n\t\t\t\t\t\t\t\t\t\t\t\t\t<input size=\"1\" type=\"text\" name=\"form_fields[name]\" id=\"form-field-name\" class=\"elementor-field elementor-size-sm  elementor-field-textual\" placeholder=\"Nombre completo\">\r\n\t\t\t\t\t\t\t\t\t\t\t<\/div>\r\n\t\t\t\t\t\t\t\t<div class=\"elementor-field-type-email elementor-field-group elementor-column elementor-field-group-email elementor-col-100 elementor-field-required\">\r\n\t\t\t\t\t\t\t\t\t\t\t\t\t<input size=\"1\" type=\"email\" name=\"form_fields[email]\" id=\"form-field-email\" class=\"elementor-field elementor-size-sm  elementor-field-textual\" placeholder=\"Email\" required=\"required\">\r\n\t\t\t\t\t\t\t\t\t\t\t<\/div>\r\n\t\t\t\t\t\t\t\t<div class=\"elementor-field-type-textarea elementor-field-group elementor-column elementor-field-group-message elementor-col-100\">\r\n\t\t\t\t\t<textarea class=\"elementor-field-textual elementor-field  elementor-size-sm\" name=\"form_fields[message]\" id=\"form-field-message\" rows=\"4\" placeholder=\"Mensaje que quiere dejar...\"><\/textarea>\t\t\t\t<\/div>\r\n\t\t\t\t\t\t\t\t<div class=\"elementor-field-group elementor-column elementor-field-type-submit elementor-col-100 e-form__buttons\">\r\n\t\t\t\t\t<button class=\"elementor-button elementor-size-sm\" type=\"submit\">\r\n\t\t\t\t\t\t<span class=\"elementor-button-content-wrapper\">\r\n\t\t\t\t\t\t\t\t\t\t\t\t\t\t\t\t\t\t\t\t\t\t<span class=\"elementor-button-text\">Enviar<\/span>\r\n\t\t\t\t\t\t\t\t\t\t\t\t\t<\/span>\r\n\t\t\t\t\t<\/button>\r\n\t\t\t\t<\/div>\r\n\t\t\t<\/div>\r\n\t\t<\/form>\r\n\t\t\t\t\t\t<\/div>\n\t\t\t\t\t<\/div>\n\t\t\t\t<\/div>\n\t\t\t\t<\/div>\n\t\t","protected":false},"excerpt":{"rendered":"<p>Contacto Direcci\u00f3n: Barrio El Manantial Horario de atenci\u00f3n: Lun &#8211; Vier 7:45 am a 12:00 m | 1:00 pm a 4:45 pm N\u00famero de celular: 312 345 67 89 Correo de atenci\u00f3n: correspondencia@colegionarcisomatus.edu.co<\/p>\n","protected":false},"author":1,"featured_media":0,"parent":0,"menu_order":0,"comment_status":"closed","ping_status":"closed","template":"","meta":{"footnotes":""},"class_list":["post-28","page","type-page","status-publish","hentry"],"yoast_head":"<!-- This site is optimized with the Yoast SEO plugin v27.4 - https:\/\/yoast.com\/product\/yoast-seo-wordpress\/ -->\n<title>Contacto - I.E Narciso Jos\u00e9 Matus Torres<\/title>\n<meta name=\"robots\" content=\"index, follow, max-snippet:-1, max-image-preview:large, max-video-preview:-1\" \/>\n<link rel=\"canonical\" href=\"https:\/\/colegionarcisomatus.edu.co\/?page_id=28\" \/>\n<meta property=\"og:locale\" content=\"en_US\" \/>\n<meta property=\"og:type\" content=\"article\" \/>\n<meta property=\"og:title\" content=\"Contacto - I.E Narciso Jos\u00e9 Matus Torres\" \/>\n<meta property=\"og:description\" content=\"Contacto Direcci\u00f3n: Barrio El Manantial Horario de atenci\u00f3n: Lun &#8211; Vier 7:45 am a 12:00 m | 1:00 pm a 4:45 pm N\u00famero de celular: 312 345 67 89 Correo de atenci\u00f3n: correspondencia@colegionarcisomatus.edu.co\" \/>\n<meta property=\"og:url\" content=\"https:\/\/colegionarcisomatus.edu.co\/?page_id=28\" \/>\n<meta property=\"og:site_name\" content=\"I.E Narciso Jos\u00e9 Matus Torres\" \/>\n<meta property=\"article:modified_time\" content=\"2025-12-10T05:35:53+00:00\" \/>\n<meta name=\"twitter:card\" content=\"summary_large_image\" \/>\n<meta name=\"twitter:label1\" content=\"Est. reading time\" \/>\n\t<meta name=\"twitter:data1\" content=\"1 minute\" \/>\n<script type=\"application\/ld+json\" class=\"yoast-schema-graph\">{\"@context\":\"https:\\\/\\\/schema.org\",\"@graph\":[{\"@type\":\"WebPage\",\"@id\":\"https:\\\/\\\/colegionarcisomatus.edu.co\\\/?page_id=28\",\"url\":\"https:\\\/\\\/colegionarcisomatus.edu.co\\\/?page_id=28\",\"name\":\"Contacto - I.E Narciso Jos\u00e9 Matus Torres\",\"isPartOf\":{\"@id\":\"https:\\\/\\\/colegionarcisomatus.edu.co\\\/#website\"},\"datePublished\":\"2025-11-02T21:58:08+00:00\",\"dateModified\":\"2025-12-10T05:35:53+00:00\",\"breadcrumb\":{\"@id\":\"https:\\\/\\\/colegionarcisomatus.edu.co\\\/?page_id=28#breadcrumb\"},\"inLanguage\":\"en-US\",\"potentialAction\":[{\"@type\":\"ReadAction\",\"target\":[\"https:\\\/\\\/colegionarcisomatus.edu.co\\\/?page_id=28\"]}]},{\"@type\":\"BreadcrumbList\",\"@id\":\"https:\\\/\\\/colegionarcisomatus.edu.co\\\/?page_id=28#breadcrumb\",\"itemListElement\":[{\"@type\":\"ListItem\",\"position\":1,\"name\":\"Inicio\",\"item\":\"https:\\\/\\\/colegionarcisomatus.edu.co\\\/\"},{\"@type\":\"ListItem\",\"position\":2,\"name\":\"Contacto\"}]},{\"@type\":\"WebSite\",\"@id\":\"https:\\\/\\\/colegionarcisomatus.edu.co\\\/#website\",\"url\":\"https:\\\/\\\/colegionarcisomatus.edu.co\\\/\",\"name\":\"I.E Narciso Jos\u00e9 Matus Torres\",\"description\":\"Logo Matus\",\"publisher\":{\"@id\":\"https:\\\/\\\/colegionarcisomatus.edu.co\\\/#organization\"},\"potentialAction\":[{\"@type\":\"SearchAction\",\"target\":{\"@type\":\"EntryPoint\",\"urlTemplate\":\"https:\\\/\\\/colegionarcisomatus.edu.co\\\/?s={search_term_string}\"},\"query-input\":{\"@type\":\"PropertyValueSpecification\",\"valueRequired\":true,\"valueName\":\"search_term_string\"}}],\"inLanguage\":\"en-US\"},{\"@type\":\"Organization\",\"@id\":\"https:\\\/\\\/colegionarcisomatus.edu.co\\\/#organization\",\"name\":\"I.E Narciso Jos\u00e9 Matus Torres\",\"url\":\"https:\\\/\\\/colegionarcisomatus.edu.co\\\/\",\"logo\":{\"@type\":\"ImageObject\",\"inLanguage\":\"en-US\",\"@id\":\"https:\\\/\\\/colegionarcisomatus.edu.co\\\/#\\\/schema\\\/logo\\\/image\\\/\",\"url\":\"https:\\\/\\\/colegionarcisomatus.edu.co\\\/wp-content\\\/uploads\\\/2025\\\/11\\\/Logo-2.png\",\"contentUrl\":\"https:\\\/\\\/colegionarcisomatus.edu.co\\\/wp-content\\\/uploads\\\/2025\\\/11\\\/Logo-2.png\",\"width\":500,\"height\":200,\"caption\":\"I.E Narciso Jos\u00e9 Matus Torres\"},\"image\":{\"@id\":\"https:\\\/\\\/colegionarcisomatus.edu.co\\\/#\\\/schema\\\/logo\\\/image\\\/\"}}]}<\/script>\n<!-- \/ Yoast SEO plugin. -->","yoast_head_json":{"title":"Contacto - I.E Narciso Jos\u00e9 Matus Torres","robots":{"index":"index","follow":"follow","max-snippet":"max-snippet:-1","max-image-preview":"max-image-preview:large","max-video-preview":"max-video-preview:-1"},"canonical":"https:\/\/colegionarcisomatus.edu.co\/?page_id=28","og_locale":"en_US","og_type":"article","og_title":"Contacto - I.E Narciso Jos\u00e9 Matus Torres","og_description":"Contacto Direcci\u00f3n: Barrio El Manantial Horario de atenci\u00f3n: Lun &#8211; Vier 7:45 am a 12:00 m | 1:00 pm a 4:45 pm N\u00famero de celular: 312 345 67 89 Correo de atenci\u00f3n: correspondencia@colegionarcisomatus.edu.co","og_url":"https:\/\/colegionarcisomatus.edu.co\/?page_id=28","og_site_name":"I.E Narciso Jos\u00e9 Matus Torres","article_modified_time":"2025-12-10T05:35:53+00:00","twitter_card":"summary_large_image","twitter_misc":{"Est. reading time":"1 minute"},"schema":{"@context":"https:\/\/schema.org","@graph":[{"@type":"WebPage","@id":"https:\/\/colegionarcisomatus.edu.co\/?page_id=28","url":"https:\/\/colegionarcisomatus.edu.co\/?page_id=28","name":"Contacto - I.E Narciso Jos\u00e9 Matus Torres","isPartOf":{"@id":"https:\/\/colegionarcisomatus.edu.co\/#website"},"datePublished":"2025-11-02T21:58:08+00:00","dateModified":"2025-12-10T05:35:53+00:00","breadcrumb":{"@id":"https:\/\/colegionarcisomatus.edu.co\/?page_id=28#breadcrumb"},"inLanguage":"en-US","potentialAction":[{"@type":"ReadAction","target":["https:\/\/colegionarcisomatus.edu.co\/?page_id=28"]}]},{"@type":"BreadcrumbList","@id":"https:\/\/colegionarcisomatus.edu.co\/?page_id=28#breadcrumb","itemListElement":[{"@type":"ListItem","position":1,"name":"Inicio","item":"https:\/\/colegionarcisomatus.edu.co\/"},{"@type":"ListItem","position":2,"name":"Contacto"}]},{"@type":"WebSite","@id":"https:\/\/colegionarcisomatus.edu.co\/#website","url":"https:\/\/colegionarcisomatus.edu.co\/","name":"I.E Narciso Jos\u00e9 Matus Torres","description":"Logo Matus","publisher":{"@id":"https:\/\/colegionarcisomatus.edu.co\/#organization"},"potentialAction":[{"@type":"SearchAction","target":{"@type":"EntryPoint","urlTemplate":"https:\/\/colegionarcisomatus.edu.co\/?s={search_term_string}"},"query-input":{"@type":"PropertyValueSpecification","valueRequired":true,"valueName":"search_term_string"}}],"inLanguage":"en-US"},{"@type":"Organization","@id":"https:\/\/colegionarcisomatus.edu.co\/#organization","name":"I.E Narciso Jos\u00e9 Matus Torres","url":"https:\/\/colegionarcisomatus.edu.co\/","logo":{"@type":"ImageObject","inLanguage":"en-US","@id":"https:\/\/colegionarcisomatus.edu.co\/#\/schema\/logo\/image\/","url":"https:\/\/colegionarcisomatus.edu.co\/wp-content\/uploads\/2025\/11\/Logo-2.png","contentUrl":"https:\/\/colegionarcisomatus.edu.co\/wp-content\/uploads\/2025\/11\/Logo-2.png","width":500,"height":200,"caption":"I.E Narciso Jos\u00e9 Matus Torres"},"image":{"@id":"https:\/\/colegionarcisomatus.edu.co\/#\/schema\/logo\/image\/"}}]}},"_hostinger_reach_plugin_has_subscription_block":false,"_hostinger_reach_plugin_is_elementor":false,"_links":{"self":[{"href":"https:\/\/colegionarcisomatus.edu.co\/index.php?rest_route=\/wp\/v2\/pages\/28","targetHints":{"allow":["GET"]}}],"collection":[{"href":"https:\/\/colegionarcisomatus.edu.co\/index.php?rest_route=\/wp\/v2\/pages"}],"about":[{"href":"https:\/\/colegionarcisomatus.edu.co\/index.php?rest_route=\/wp\/v2\/types\/page"}],"author":[{"embeddable":true,"href":"https:\/\/colegionarcisomatus.edu.co\/index.php?rest_route=\/wp\/v2\/users\/1"}],"replies":[{"embeddable":true,"href":"https:\/\/colegionarcisomatus.edu.co\/index.php?rest_route=%2Fwp%2Fv2%2Fcomments&post=28"}],"version-history":[{"count":7,"href":"https:\/\/colegionarcisomatus.edu.co\/index.php?rest_route=\/wp\/v2\/pages\/28\/revisions"}],"predecessor-version":[{"id":317,"href":"https:\/\/colegionarcisomatus.edu.co\/index.php?rest_route=\/wp\/v2\/pages\/28\/revisions\/317"}],"wp:attachment":[{"href":"https:\/\/colegionarcisomatus.edu.co\/index.php?rest_route=%2Fwp%2Fv2%2Fmedia&parent=28"}],"curies":[{"name":"wp","href":"https:\/\/api.w.org\/{rel}","templated":true}]}}